{"id":23,"date":"2022-11-24T21:03:56","date_gmt":"2022-11-25T02:03:56","guid":{"rendered":"https:\/\/infinitusinmobiliaria.com\/?page_id=23"},"modified":"2024-04-29T13:33:08","modified_gmt":"2024-04-29T18:33:08","slug":"nosotros","status":"publish","type":"page","link":"https:\/\/infinitusinmobiliaria.com\/es\/nosotros\/","title":{"rendered":"Nosotros"},"content":{"rendered":"<div data-elementor-type=\"wp-page\" data-elementor-id=\"23\" class=\"elementor elementor-23\" data-elementor-post-type=\"page\">\n\t\t\t\t\t\t<section class=\"elementor-section elementor-top-section elementor-element elementor-element-9e5e5b2 elementor-section-height-min-height slider-pantall elementor-section-items-stretch elementor-section-boxed elementor-section-height-default\" data-id=\"9e5e5b2\" data-element_type=\"section\" data-settings=\"{&quot;background_background&quot;:&quot;slideshow&quot;,&quot;background_slideshow_gallery&quot;:[{&quot;id&quot;:119,&quot;url&quot;:&quot;https:\\\/\\\/infinitusinmobiliaria.com\\\/wp-content\\\/uploads\\\/shutterstock_118758421-scaled.jpg&quot;},{&quot;id&quot;:1011,&quot;url&quot;:&quot;https:\\\/\\\/infinitusinmobiliaria.com\\\/wp-content\\\/uploads\\\/Casa-de-Praia-Funcional-com-Decoracao-Azul_Projetos-Casa-de-Valentina_Beatriz-Zeglin-Arquitetura_foto-por-Rafael-Ribeiro-16.jpg.webp&quot;},{&quot;id&quot;:1004,&quot;url&quot;:&quot;https:\\\/\\\/infinitusinmobiliaria.com\\\/wp-content\\\/uploads\\\/Casa-de-Praia-Funcional-com-Decoracao-Azul_Projetos-Casa-de-Valentina_Beatriz-Zeglin-Arquitetura_foto-por-Rafael-Ribeiro-9.jpg.webp&quot;},{&quot;id&quot;:996,&quot;url&quot;:&quot;https:\\\/\\\/infinitusinmobiliaria.com\\\/wp-content\\\/uploads\\\/Casa-de-Praia-Funcional-com-Decoracao-Azul_Projetos-Casa-de-Valentina_Beatriz-Zeglin-Arquitetura_foto-por-Rafael-Ribeiro-1.jpg.webp&quot;},{&quot;id&quot;:998,&quot;url&quot;:&quot;https:\\\/\\\/infinitusinmobiliaria.com\\\/wp-content\\\/uploads\\\/Casa-de-Praia-Funcional-com-Decoracao-Azul_Projetos-Casa-de-Valentina_Beatriz-Zeglin-Arquitetura_foto-por-Rafael-Ribeiro-3.jpg.webp&quot;}],&quot;background_slideshow_ken_burns&quot;:&quot;yes&quot;,&quot;background_slideshow_loop&quot;:&quot;yes&quot;,&quot;background_slideshow_slide_duration&quot;:5000,&quot;background_slideshow_slide_transition&quot;:&quot;fade&quot;,&quot;background_slideshow_transition_duration&quot;:500,&quot;background_slideshow_ken_burns_zoom_direction&quot;:&quot;in&quot;}\">\n\t\t\t\t\t\t\t<div class=\"elementor-background-overlay\"><\/div>\n\t\t\t\t\t\t\t<div class=\"elementor-container elementor-column-gap-no\">\n\t\t\t\t\t<div class=\"elementor-column elementor-col-100 elementor-top-column elementor-element elementor-element-03cc93b\" data-id=\"03cc93b\" data-element_type=\"column\">\n\t\t\t<div class=\"elementor-widget-wrap elementor-element-populated\">\n\t\t\t\t\t\t<div class=\"elementor-element elementor-element-b418b27 elementor-widget elementor-widget-spacer\" data-id=\"b418b27\" data-element_type=\"widget\" data-widget_type=\"spacer.default\">\n\t\t\t\t<div class=\"elementor-widget-container\">\n\t\t\t\t\t\t\t<div class=\"elementor-spacer\">\n\t\t\t<div class=\"elementor-spacer-inner\"><\/div>\n\t\t<\/div>\n\t\t\t\t\t\t<\/div>\n\t\t\t\t<\/div>\n\t\t\t\t\t<\/div>\n\t\t<\/div>\n\t\t\t\t\t<\/div>\n\t\t<\/section>\n\t\t\t\t<section class=\"elementor-section elementor-top-section elementor-element elementor-element-242cb82 elementor-section-boxed elementor-section-height-default elementor-section-height-default\" data-id=\"242cb82\" data-element_type=\"section\">\n\t\t\t\t\t\t<div class=\"elementor-container elementor-column-gap-default\">\n\t\t\t\t\t<div class=\"elementor-column elementor-col-50 elementor-top-column elementor-element elementor-element-88289b2\" data-id=\"88289b2\" data-element_type=\"column\">\n\t\t\t<div class=\"elementor-widget-wrap elementor-element-populated\">\n\t\t\t\t\t\t<section class=\"elementor-section elementor-inner-section elementor-element elementor-element-f9a2bdf elementor-section-boxed elementor-section-height-default elementor-section-height-default\" data-id=\"f9a2bdf\" data-element_type=\"section\">\n\t\t\t\t\t\t<div class=\"elementor-container elementor-column-gap-default\">\n\t\t\t\t\t<div class=\"elementor-column elementor-col-100 elementor-inner-column elementor-element elementor-element-f4ed086\" data-id=\"f4ed086\" data-element_type=\"column\">\n\t\t\t<div class=\"elementor-widget-wrap elementor-element-populated\">\n\t\t\t\t\t\t<div class=\"elementor-element elementor-element-9c8ca9b elementor-widget elementor-widget-spacer\" data-id=\"9c8ca9b\" data-element_type=\"widget\" data-widget_type=\"spacer.default\">\n\t\t\t\t<div class=\"elementor-widget-container\">\n\t\t\t\t\t\t\t<div class=\"elementor-spacer\">\n\t\t\t<div class=\"elementor-spacer-inner\"><\/div>\n\t\t<\/div>\n\t\t\t\t\t\t<\/div>\n\t\t\t\t<\/div>\n\t\t\t\t<div class=\"elementor-element elementor-element-f6d2f3e elementor-widget elementor-widget-heading\" data-id=\"f6d2f3e\" data-element_type=\"widget\" data-widget_type=\"heading.default\">\n\t\t\t\t<div class=\"elementor-widget-container\">\n\t\t\t\t\t<h1 class=\"elementor-heading-title elementor-size-default\">Nuestra Compa\u00f1\u00eda<\/h1>\t\t\t\t<\/div>\n\t\t\t\t<\/div>\n\t\t\t\t<div class=\"elementor-element elementor-element-3bed675 elementor-widget elementor-widget-spacer\" data-id=\"3bed675\" data-element_type=\"widget\" data-widget_type=\"spacer.default\">\n\t\t\t\t<div class=\"elementor-widget-container\">\n\t\t\t\t\t\t\t<div class=\"elementor-spacer\">\n\t\t\t<div class=\"elementor-spacer-inner\"><\/div>\n\t\t<\/div>\n\t\t\t\t\t\t<\/div>\n\t\t\t\t<\/div>\n\t\t\t\t\t<\/div>\n\t\t<\/div>\n\t\t\t\t\t<\/div>\n\t\t<\/section>\n\t\t\t\t<div class=\"elementor-element elementor-element-f11efa6 elementor-widget elementor-widget-text-editor\" data-id=\"f11efa6\" data-element_type=\"widget\" data-widget_type=\"text-editor.default\">\n\t\t\t\t<div class=\"elementor-widget-container\">\n\t\t\t\t\t\t\t\t\t<p style=\"font-style: normal; font-variant-ligatures: normal; font-variant-caps: normal; font-weight: 400; font-size: 20px; line-height: 21px; font-family: 'YAFdJt8dAY0 0', _fb_, auto; text-align: left; color: #272727; --fontsize: 15.1994px; --lineheight: 1.4;\"><span style=\"font-style: normal; font-weight: 400;\">Desde nuestra fundaci\u00f3n el\u00a0<\/span><span style=\"font-style: normal; font-weight: bold;\">4 de abril de 2011,<\/span><span style=\"font-style: normal; font-weight: 400;\">\u00a0en\u00a0<\/span><span style=\"font-style: normal; font-weight: bold;\">Infinitus Inmobiliaria<\/span><span style=\"font-style: normal; font-weight: 400;\">\u00a0hemos estado en una constante b\u00fasqueda de la excelencia y la innovaci\u00f3n en el mercado inmobiliario. A lo largo de estos a\u00f1os, hemos desarrollado una profunda experiencia que nos permite ofrecer soluciones inmobiliarias integrales y personalizadas, tanto para empresas y familias, como para inversionistas.<\/span><\/p><p style=\"font-style: normal; font-variant-ligatures: normal; font-variant-caps: normal; font-weight: 400; font-size: 20px; line-height: 21px; font-family: 'YAFdJt8dAY0 0', _fb_, auto; text-align: left; color: #272727; --fontsize: 15.1994px; --lineheight: 1.4;\"><span style=\"font-style: normal; font-weight: 400;\">\u00a0<\/span><\/p><p style=\"font-style: normal; font-variant-ligatures: normal; font-variant-caps: normal; font-weight: 400; font-size: 20px; line-height: 21px; font-family: 'YAFdJt8dAY0 0', _fb_, auto; text-align: left; color: #272727; --fontsize: 15.1994px; --lineheight: 1.4;\"><span style=\"font-style: normal; font-weight: 400;\"><span style=\"font-weight: bold; font-style: normal;\">Nuestra misi\u00f3n es clara,<\/span><span style=\"font-weight: 400; font-style: normal;\"> desarrollar y comercializar oportunidades inmobiliarias con los m\u00e1s altos est\u00e1ndares de calidad. Nuestra visi\u00f3n va m\u00e1s all\u00e1 ya que brindamos asistencia en una amplia gama de \u00e1reas, desde temas comerciales y administrativos hasta cuestiones legales y contables.<\/span><br \/><\/span><\/p><p style=\"font-style: normal; font-variant-ligatures: normal; font-variant-caps: normal; font-weight: 400; font-size: 20px; line-height: 21px; font-family: 'YAFdJt8dAY0 0', _fb_, auto; text-align: left; color: #272727; --fontsize: 15.1994px; --lineheight: 1.4;\"><span style=\"font-style: normal; font-weight: 400;\"><span style=\"font-weight: 400; font-style: normal;\">\u00a0<\/span><\/span><\/p><p style=\"font-style: normal; font-variant-ligatures: normal; font-variant-caps: normal; font-weight: 400; font-size: 20px; line-height: 21px; font-family: 'YAFdJt8dAY0 0', _fb_, auto; text-align: left; color: #272727; --fontsize: 15.1994px; --lineheight: 1.4;\"><span class=\"OYPEnA text-decoration-none text-strikethrough-none\" style=\"font-weight: bold; font-style: normal;\">Nuestra experiencia se refleja en cada proyecto que llevamos a cabo,<\/span><span class=\"OYPEnA text-decoration-none text-strikethrough-none\" style=\"font-weight: 400; font-style: normal;\"> ya que hemos aprendido a identificar oportunidades espec\u00edficas para cada uno de nuestros clientes, comprendiendo sus necesidades y deseos individuales.<\/span><span style=\"font-style: normal; font-weight: 400;\"><span style=\"font-weight: 400; font-style: normal;\"><br \/><\/span><\/span><\/p>\t\t\t\t\t\t\t\t<\/div>\n\t\t\t\t<\/div>\n\t\t\t\t\t<\/div>\n\t\t<\/div>\n\t\t\t\t<div class=\"elementor-column elementor-col-50 elementor-top-column elementor-element elementor-element-bc2cff5\" data-id=\"bc2cff5\" data-element_type=\"column\">\n\t\t\t<div class=\"elementor-widget-wrap elementor-element-populated\">\n\t\t\t\t\t\t<div class=\"elementor-element elementor-element-deb28bf elementor-widget elementor-widget-spacer\" data-id=\"deb28bf\" data-element_type=\"widget\" data-widget_type=\"spacer.default\">\n\t\t\t\t<div class=\"elementor-widget-container\">\n\t\t\t\t\t\t\t<div class=\"elementor-spacer\">\n\t\t\t<div class=\"elementor-spacer-inner\"><\/div>\n\t\t<\/div>\n\t\t\t\t\t\t<\/div>\n\t\t\t\t<\/div>\n\t\t\t\t<div class=\"elementor-element elementor-element-624cfd2 elementor-widget__width-initial elementor-widget elementor-widget-image\" data-id=\"624cfd2\" data-element_type=\"widget\" data-widget_type=\"image.default\">\n\t\t\t\t<div class=\"elementor-widget-container\">\n\t\t\t\t\t\t\t\t\t\t\t\t\t\t\t<img fetchpriority=\"high\" decoding=\"async\" width=\"768\" height=\"1146\" src=\"https:\/\/infinitusinmobiliaria.com\/wp-content\/uploads\/IMG_3300-768x1146.jpg\" class=\"attachment-medium_large size-medium_large wp-image-2232\" alt=\"\" srcset=\"https:\/\/infinitusinmobiliaria.com\/wp-content\/uploads\/IMG_3300-768x1146.jpg 768w, https:\/\/infinitusinmobiliaria.com\/wp-content\/uploads\/IMG_3300-201x300.jpg 201w, https:\/\/infinitusinmobiliaria.com\/wp-content\/uploads\/IMG_3300-686x1024.jpg 686w, https:\/\/infinitusinmobiliaria.com\/wp-content\/uploads\/IMG_3300-100x150.jpg 100w, https:\/\/infinitusinmobiliaria.com\/wp-content\/uploads\/IMG_3300-1029x1536.jpg 1029w, https:\/\/infinitusinmobiliaria.com\/wp-content\/uploads\/IMG_3300-1372x2048.jpg 1372w, https:\/\/infinitusinmobiliaria.com\/wp-content\/uploads\/IMG_3300-scaled.jpg 1715w\" sizes=\"(max-width: 768px) 100vw, 768px\" \/>\t\t\t\t\t\t\t\t\t\t\t\t\t\t\t<\/div>\n\t\t\t\t<\/div>\n\t\t\t\t<div class=\"elementor-element elementor-element-34d1a32 elementor-widget elementor-widget-spacer\" data-id=\"34d1a32\" data-element_type=\"widget\" data-widget_type=\"spacer.default\">\n\t\t\t\t<div class=\"elementor-widget-container\">\n\t\t\t\t\t\t\t<div class=\"elementor-spacer\">\n\t\t\t<div class=\"elementor-spacer-inner\"><\/div>\n\t\t<\/div>\n\t\t\t\t\t\t<\/div>\n\t\t\t\t<\/div>\n\t\t\t\t\t<\/div>\n\t\t<\/div>\n\t\t\t\t\t<\/div>\n\t\t<\/section>\n\t\t\t\t<section class=\"elementor-section elementor-top-section elementor-element elementor-element-b2ff697 elementor-section-boxed elementor-section-height-default elementor-section-height-default\" data-id=\"b2ff697\" data-element_type=\"section\">\n\t\t\t\t\t\t<div class=\"elementor-container elementor-column-gap-default\">\n\t\t\t\t\t<div class=\"elementor-column elementor-col-100 elementor-top-column elementor-element elementor-element-fa6d3ac\" data-id=\"fa6d3ac\" data-element_type=\"column\">\n\t\t\t<div class=\"elementor-widget-wrap elementor-element-populated\">\n\t\t\t\t\t\t<div class=\"elementor-element elementor-element-caa37bb elementor-widget elementor-widget-spacer\" data-id=\"caa37bb\" data-element_type=\"widget\" data-widget_type=\"spacer.default\">\n\t\t\t\t<div class=\"elementor-widget-container\">\n\t\t\t\t\t\t\t<div class=\"elementor-spacer\">\n\t\t\t<div class=\"elementor-spacer-inner\"><\/div>\n\t\t<\/div>\n\t\t\t\t\t\t<\/div>\n\t\t\t\t<\/div>\n\t\t\t\t\t<\/div>\n\t\t<\/div>\n\t\t\t\t\t<\/div>\n\t\t<\/section>\n\t\t\t\t<\/div>","protected":false},"excerpt":{"rendered":"<p>Nuestra Compa\u00f1\u00eda Desde nuestra fundaci\u00f3n el\u00a04 de abril de 2011,\u00a0en\u00a0Infinitus Inmobiliaria\u00a0hemos estado en una constante b\u00fasqueda de la excelencia y la innovaci\u00f3n en el mercado inmobiliario. A lo largo de [&hellip;]<\/p>","protected":false},"author":1,"featured_media":0,"parent":0,"menu_order":0,"comment_status":"closed","ping_status":"closed","template":"","meta":{"footnotes":""},"class_list":["post-23","page","type-page","status-publish","hentry"],"_links":{"self":[{"href":"https:\/\/infinitusinmobiliaria.com\/es\/wp-json\/wp\/v2\/pages\/23","targetHints":{"allow":["GET"]}}],"collection":[{"href":"https:\/\/infinitusinmobiliaria.com\/es\/wp-json\/wp\/v2\/pages"}],"about":[{"href":"https:\/\/infinitusinmobiliaria.com\/es\/wp-json\/wp\/v2\/types\/page"}],"author":[{"embeddable":true,"href":"https:\/\/infinitusinmobiliaria.com\/es\/wp-json\/wp\/v2\/users\/1"}],"replies":[{"embeddable":true,"href":"https:\/\/infinitusinmobiliaria.com\/es\/wp-json\/wp\/v2\/comments?post=23"}],"version-history":[{"count":90,"href":"https:\/\/infinitusinmobiliaria.com\/es\/wp-json\/wp\/v2\/pages\/23\/revisions"}],"predecessor-version":[{"id":2253,"href":"https:\/\/infinitusinmobiliaria.com\/es\/wp-json\/wp\/v2\/pages\/23\/revisions\/2253"}],"wp:attachment":[{"href":"https:\/\/infinitusinmobiliaria.com\/es\/wp-json\/wp\/v2\/media?parent=23"}],"curies":[{"name":"wp","href":"https:\/\/api.w.org\/{rel}","templated":true}]}}